{"id":260,"date":"2024-12-02T16:17:54","date_gmt":"2024-12-02T22:17:54","guid":{"rendered":"http:\/\/104.192.5.70\/wordpress\/?page_id=260"},"modified":"2026-03-20T11:47:12","modified_gmt":"2026-03-20T17:47:12","slug":"repositorios-de-acceso-abierto","status":"publish","type":"page","link":"http:\/\/bibliotecadigitalupn.upnvirtual.edu.mx\/index.php\/repositorios-de-acceso-abierto\/","title":{"rendered":"Repositorios de acceso abierto"},"content":{"rendered":"\t\t<div data-elementor-type=\"wp-page\" data-elementor-id=\"260\" class=\"elementor elementor-260\">\n\t\t\t\t<div class=\"elementor-element elementor-element-167461ee e-flex e-con-boxed e-con e-parent\" data-id=\"167461ee\" data-element_type=\"container\">\n\t\t\t\t\t<div class=\"e-con-inner\">\n\t\t\t\t<div class=\"elementor-element elementor-element-f1057ab elementor-widget elementor-widget-text-editor\" data-id=\"f1057ab\" data-element_type=\"widget\" data-widget_type=\"text-editor.default\">\n\t\t\t\t<div class=\"elementor-widget-container\">\n\t\t\t\t\t\t\t\t\t<p><a href=\"http:\/\/bibliotecadigitalupn.upnvirtual.edu.mx\/#recursos-de-informacion\"><span style=\"font-family: montserrat; font-size: 24pt;\"><strong><span style=\"color: #003f87;\">Repositorios de acceso abierto<\/span><\/strong><\/span><\/a><\/p>\t\t\t\t\t\t\t\t<\/div>\n\t\t\t\t<\/div>\n\t\t\t\t\t<\/div>\n\t\t\t\t<\/div>\n\t\t<div class=\"elementor-element elementor-element-2f2b00d e-flex e-con-boxed e-con e-parent\" data-id=\"2f2b00d\" data-element_type=\"container\">\n\t\t\t\t\t<div class=\"e-con-inner\">\n\t\t\t\t<div class=\"elementor-element elementor-element-7651693 elementor-widget elementor-widget-heading\" data-id=\"7651693\" data-element_type=\"widget\" data-widget_type=\"heading.default\">\n\t\t\t\t<div class=\"elementor-widget-container\">\n\t\t\t\t\t<h2 class=\"elementor-heading-title elementor-size-default\">Institucionales<\/h2>\t\t\t\t<\/div>\n\t\t\t\t<\/div>\n\t\t\t\t\t<\/div>\n\t\t\t\t<\/div>\n\t\t<div class=\"elementor-element elementor-element-a866eb9 e-flex e-con-boxed e-con e-parent\" data-id=\"a866eb9\" data-element_type=\"container\">\n\t\t\t\t\t<div class=\"e-con-inner\">\n\t\t\t\t<div class=\"elementor-element elementor-element-e18972d elementor-widget__width-initial elementor-widget elementor-widget-text-editor\" data-id=\"e18972d\" data-element_type=\"widget\" data-widget_type=\"text-editor.default\">\n\t\t\t\t<div class=\"elementor-widget-container\">\n\t\t\t\t\t\t\t\t\t<p style=\"text-align: left;\"><span style=\"font-family: montserrat; color: #000000;\">Plataformas donde las instituciones guardan y difunden su producci\u00f3n<\/span><\/p>\t\t\t\t\t\t\t\t<\/div>\n\t\t\t\t<\/div>\n\t\t\t\t\t<\/div>\n\t\t\t\t<\/div>\n\t\t<div class=\"elementor-element elementor-element-3334a52 e-grid e-con-boxed e-con e-parent\" data-id=\"3334a52\" data-element_type=\"container\">\n\t\t\t\t\t<div class=\"e-con-inner\">\n\t\t\t\t<div class=\"elementor-element elementor-element-3a0ada8e elementor-widget elementor-widget-image\" data-id=\"3a0ada8e\" data-element_type=\"widget\" data-widget_type=\"image.default\">\n\t\t\t\t<div class=\"elementor-widget-container\">\n\t\t\t\t\t\t\t\t\t\t\t\t\t\t\t\t<a href=\"http:\/\/rixplora.upn.mx\/jspui\/\" target=\"_blank\">\n\t\t\t\t\t\t\t<img fetchpriority=\"high\" decoding=\"async\" width=\"827\" height=\"331\" src=\"http:\/\/bibliotecadigitalupn.upnvirtual.edu.mx\/wp-content\/uploads\/2024\/12\/1_xplora.png\" class=\"elementor-animation-shrink attachment-large size-large wp-image-262\" alt=\"\" srcset=\"http:\/\/bibliotecadigitalupn.upnvirtual.edu.mx\/wp-content\/uploads\/2024\/12\/1_xplora.png 827w, http:\/\/bibliotecadigitalupn.upnvirtual.edu.mx\/wp-content\/uploads\/2024\/12\/1_xplora-300x120.png 300w, http:\/\/bibliotecadigitalupn.upnvirtual.edu.mx\/wp-content\/uploads\/2024\/12\/1_xplora-768x307.png 768w\" sizes=\"(max-width: 827px) 100vw, 827px\" \/>\t\t\t\t\t\t\t\t<\/a>\n\t\t\t\t\t\t\t\t\t\t\t\t\t\t\t<\/div>\n\t\t\t\t<\/div>\n\t\t\t\t<div class=\"elementor-element elementor-element-f1871b1 elementor-widget elementor-widget-image\" data-id=\"f1871b1\" data-element_type=\"widget\" data-widget_type=\"image.default\">\n\t\t\t\t<div class=\"elementor-widget-container\">\n\t\t\t\t\t\t\t\t\t\t\t\t\t\t\t\t<a href=\"https:\/\/www.innovacioneducativa.unam.mx:8443\/jspui\/\" target=\"_blank\">\n\t\t\t\t\t\t\t<img decoding=\"async\" width=\"827\" height=\"331\" src=\"http:\/\/bibliotecadigitalupn.upnvirtual.edu.mx\/wp-content\/uploads\/2024\/12\/9_educacion.png\" class=\"elementor-animation-shrink attachment-large size-large wp-image-270\" alt=\"\" srcset=\"http:\/\/bibliotecadigitalupn.upnvirtual.edu.mx\/wp-content\/uploads\/2024\/12\/9_educacion.png 827w, http:\/\/bibliotecadigitalupn.upnvirtual.edu.mx\/wp-content\/uploads\/2024\/12\/9_educacion-300x120.png 300w, http:\/\/bibliotecadigitalupn.upnvirtual.edu.mx\/wp-content\/uploads\/2024\/12\/9_educacion-768x307.png 768w\" sizes=\"(max-width: 827px) 100vw, 827px\" \/>\t\t\t\t\t\t\t\t<\/a>\n\t\t\t\t\t\t\t\t\t\t\t\t\t\t\t<\/div>\n\t\t\t\t<\/div>\n\t\t\t\t<div class=\"elementor-element elementor-element-c13a319 elementor-widget elementor-widget-image\" data-id=\"c13a319\" data-element_type=\"widget\" data-widget_type=\"image.default\">\n\t\t\t\t<div class=\"elementor-widget-container\">\n\t\t\t\t\t\t\t\t\t\t\t\t\t\t\t\t<a href=\"https:\/\/iresie.dgb.unam.mx\/F?func=find-b-0&#038;local_base=irs01\" target=\"_blank\">\n\t\t\t\t\t\t\t<img decoding=\"async\" width=\"827\" height=\"331\" src=\"http:\/\/bibliotecadigitalupn.upnvirtual.edu.mx\/wp-content\/uploads\/2024\/12\/11_eresie.png\" class=\"elementor-animation-shrink attachment-large size-large wp-image-272\" alt=\"\" srcset=\"http:\/\/bibliotecadigitalupn.upnvirtual.edu.mx\/wp-content\/uploads\/2024\/12\/11_eresie.png 827w, http:\/\/bibliotecadigitalupn.upnvirtual.edu.mx\/wp-content\/uploads\/2024\/12\/11_eresie-300x120.png 300w, http:\/\/bibliotecadigitalupn.upnvirtual.edu.mx\/wp-content\/uploads\/2024\/12\/11_eresie-768x307.png 768w\" sizes=\"(max-width: 827px) 100vw, 827px\" \/>\t\t\t\t\t\t\t\t<\/a>\n\t\t\t\t\t\t\t\t\t\t\t\t\t\t\t<\/div>\n\t\t\t\t<\/div>\n\t\t\t\t<div class=\"elementor-element elementor-element-0614acb elementor-widget elementor-widget-image\" data-id=\"0614acb\" data-element_type=\"widget\" data-widget_type=\"image.default\">\n\t\t\t\t<div class=\"elementor-widget-container\">\n\t\t\t\t\t\t\t\t\t\t\t\t\t\t\t\t<a href=\"https:\/\/www.scilit.com\/\" target=\"_blank\">\n\t\t\t\t\t\t\t<img loading=\"lazy\" decoding=\"async\" width=\"827\" height=\"331\" src=\"http:\/\/bibliotecadigitalupn.upnvirtual.edu.mx\/wp-content\/uploads\/2026\/03\/1.png\" class=\"elementor-animation-shrink attachment-large size-large wp-image-1047\" alt=\"\" srcset=\"http:\/\/bibliotecadigitalupn.upnvirtual.edu.mx\/wp-content\/uploads\/2026\/03\/1.png 827w, http:\/\/bibliotecadigitalupn.upnvirtual.edu.mx\/wp-content\/uploads\/2026\/03\/1-300x120.png 300w, http:\/\/bibliotecadigitalupn.upnvirtual.edu.mx\/wp-content\/uploads\/2026\/03\/1-768x307.png 768w\" sizes=\"(max-width: 827px) 100vw, 827px\" \/>\t\t\t\t\t\t\t\t<\/a>\n\t\t\t\t\t\t\t\t\t\t\t\t\t\t\t<\/div>\n\t\t\t\t<\/div>\n\t\t\t\t\t<\/div>\n\t\t\t\t<\/div>\n\t\t<div class=\"elementor-element elementor-element-3623b6d e-flex e-con-boxed e-con e-parent\" data-id=\"3623b6d\" data-element_type=\"container\">\n\t\t\t\t\t<div class=\"e-con-inner\">\n\t\t\t\t<div class=\"elementor-element elementor-element-e202cc8 elementor-widget elementor-widget-heading\" data-id=\"e202cc8\" data-element_type=\"widget\" data-widget_type=\"heading.default\">\n\t\t\t\t<div class=\"elementor-widget-container\">\n\t\t\t\t\t<h2 class=\"elementor-heading-title elementor-size-default\">Bases de datos y plataformas digitales de revistas cient\u00edficas<\/h2>\t\t\t\t<\/div>\n\t\t\t\t<\/div>\n\t\t\t\t\t<\/div>\n\t\t\t\t<\/div>\n\t\t<div class=\"elementor-element elementor-element-04ada71 e-flex e-con-boxed e-con e-parent\" data-id=\"04ada71\" data-element_type=\"container\">\n\t\t\t\t\t<div class=\"e-con-inner\">\n\t\t\t\t<div class=\"elementor-element elementor-element-4f6d4d2 elementor-widget__width-initial elementor-widget elementor-widget-text-editor\" data-id=\"4f6d4d2\" data-element_type=\"widget\" data-widget_type=\"text-editor.default\">\n\t\t\t\t<div class=\"elementor-widget-container\">\n\t\t\t\t\t\t\t\t\t<p style=\"text-align: left;\"><span style=\"font-family: montserrat; color: #000000;\">Plataformas que concentran la producci\u00f3n de art\u00edculos de revistas acad\u00e9micas<\/span><\/p>\t\t\t\t\t\t\t\t<\/div>\n\t\t\t\t<\/div>\n\t\t\t\t\t<\/div>\n\t\t\t\t<\/div>\n\t\t<div class=\"elementor-element elementor-element-ee46485 e-grid e-con-boxed e-con e-parent\" data-id=\"ee46485\" data-element_type=\"container\">\n\t\t\t\t\t<div class=\"e-con-inner\">\n\t\t\t\t<div class=\"elementor-element elementor-element-4a22191 elementor-widget elementor-widget-image\" data-id=\"4a22191\" data-element_type=\"widget\" data-widget_type=\"image.default\">\n\t\t\t\t<div class=\"elementor-widget-container\">\n\t\t\t\t\t\t\t\t\t\t\t\t\t\t\t\t<a href=\"https:\/\/www.scielo.org\/\" target=\"_blank\">\n\t\t\t\t\t\t\t<img loading=\"lazy\" decoding=\"async\" width=\"827\" height=\"331\" src=\"http:\/\/bibliotecadigitalupn.upnvirtual.edu.mx\/wp-content\/uploads\/2024\/12\/2_scielo.png\" class=\"elementor-animation-shrink attachment-large size-large wp-image-263\" alt=\"\" srcset=\"http:\/\/bibliotecadigitalupn.upnvirtual.edu.mx\/wp-content\/uploads\/2024\/12\/2_scielo.png 827w, http:\/\/bibliotecadigitalupn.upnvirtual.edu.mx\/wp-content\/uploads\/2024\/12\/2_scielo-300x120.png 300w, http:\/\/bibliotecadigitalupn.upnvirtual.edu.mx\/wp-content\/uploads\/2024\/12\/2_scielo-768x307.png 768w\" sizes=\"(max-width: 827px) 100vw, 827px\" \/>\t\t\t\t\t\t\t\t<\/a>\n\t\t\t\t\t\t\t\t\t\t\t\t\t\t\t<\/div>\n\t\t\t\t<\/div>\n\t\t\t\t<div class=\"elementor-element elementor-element-aabacd2 elementor-widget elementor-widget-image\" data-id=\"aabacd2\" data-element_type=\"widget\" data-widget_type=\"image.default\">\n\t\t\t\t<div class=\"elementor-widget-container\">\n\t\t\t\t\t\t\t\t\t\t\t\t\t\t\t\t<a href=\"https:\/\/dialnet.unirioja.es\/\" target=\"_blank\">\n\t\t\t\t\t\t\t<img loading=\"lazy\" decoding=\"async\" width=\"827\" height=\"331\" src=\"http:\/\/bibliotecadigitalupn.upnvirtual.edu.mx\/wp-content\/uploads\/2024\/12\/4_dialnet.png\" class=\"elementor-animation-shrink attachment-large size-large wp-image-265\" alt=\"\" srcset=\"http:\/\/bibliotecadigitalupn.upnvirtual.edu.mx\/wp-content\/uploads\/2024\/12\/4_dialnet.png 827w, http:\/\/bibliotecadigitalupn.upnvirtual.edu.mx\/wp-content\/uploads\/2024\/12\/4_dialnet-300x120.png 300w, http:\/\/bibliotecadigitalupn.upnvirtual.edu.mx\/wp-content\/uploads\/2024\/12\/4_dialnet-768x307.png 768w\" sizes=\"(max-width: 827px) 100vw, 827px\" \/>\t\t\t\t\t\t\t\t<\/a>\n\t\t\t\t\t\t\t\t\t\t\t\t\t\t\t<\/div>\n\t\t\t\t<\/div>\n\t\t\t\t<div class=\"elementor-element elementor-element-c33211a elementor-widget elementor-widget-image\" data-id=\"c33211a\" data-element_type=\"widget\" data-widget_type=\"image.default\">\n\t\t\t\t<div class=\"elementor-widget-container\">\n\t\t\t\t\t\t\t\t\t\t\t\t\t\t\t\t<a href=\"https:\/\/www.scielo.org\/\" target=\"_blank\">\n\t\t\t\t\t\t\t<img loading=\"lazy\" decoding=\"async\" width=\"827\" height=\"331\" src=\"http:\/\/bibliotecadigitalupn.upnvirtual.edu.mx\/wp-content\/uploads\/2024\/12\/5_redalyc.png\" class=\"elementor-animation-shrink attachment-large size-large wp-image-266\" alt=\"\" srcset=\"http:\/\/bibliotecadigitalupn.upnvirtual.edu.mx\/wp-content\/uploads\/2024\/12\/5_redalyc.png 827w, http:\/\/bibliotecadigitalupn.upnvirtual.edu.mx\/wp-content\/uploads\/2024\/12\/5_redalyc-300x120.png 300w, http:\/\/bibliotecadigitalupn.upnvirtual.edu.mx\/wp-content\/uploads\/2024\/12\/5_redalyc-768x307.png 768w\" sizes=\"(max-width: 827px) 100vw, 827px\" \/>\t\t\t\t\t\t\t\t<\/a>\n\t\t\t\t\t\t\t\t\t\t\t\t\t\t\t<\/div>\n\t\t\t\t<\/div>\n\t\t\t\t<div class=\"elementor-element elementor-element-408bdcd elementor-widget elementor-widget-image\" data-id=\"408bdcd\" data-element_type=\"widget\" data-widget_type=\"image.default\">\n\t\t\t\t<div class=\"elementor-widget-container\">\n\t\t\t\t\t\t\t\t\t\t\t\t\t\t\t\t<a href=\"https:\/\/doaj.org\/\" target=\"_blank\">\n\t\t\t\t\t\t\t<img loading=\"lazy\" decoding=\"async\" width=\"827\" height=\"331\" src=\"http:\/\/bibliotecadigitalupn.upnvirtual.edu.mx\/wp-content\/uploads\/2024\/12\/6_doaj.png\" class=\"elementor-animation-shrink attachment-large size-large wp-image-267\" alt=\"\" srcset=\"http:\/\/bibliotecadigitalupn.upnvirtual.edu.mx\/wp-content\/uploads\/2024\/12\/6_doaj.png 827w, http:\/\/bibliotecadigitalupn.upnvirtual.edu.mx\/wp-content\/uploads\/2024\/12\/6_doaj-300x120.png 300w, http:\/\/bibliotecadigitalupn.upnvirtual.edu.mx\/wp-content\/uploads\/2024\/12\/6_doaj-768x307.png 768w\" sizes=\"(max-width: 827px) 100vw, 827px\" \/>\t\t\t\t\t\t\t\t<\/a>\n\t\t\t\t\t\t\t\t\t\t\t\t\t\t\t<\/div>\n\t\t\t\t<\/div>\n\t\t\t\t<div class=\"elementor-element elementor-element-910c331 elementor-widget elementor-widget-image\" data-id=\"910c331\" data-element_type=\"widget\" data-widget_type=\"image.default\">\n\t\t\t\t<div class=\"elementor-widget-container\">\n\t\t\t\t\t\t\t\t\t\t\t\t\t\t\t\t<a href=\"https:\/\/eric.ed.gov\/\" target=\"_blank\">\n\t\t\t\t\t\t\t<img loading=\"lazy\" decoding=\"async\" width=\"827\" height=\"331\" src=\"http:\/\/bibliotecadigitalupn.upnvirtual.edu.mx\/wp-content\/uploads\/2024\/12\/8_eric.png\" class=\"elementor-animation-shrink attachment-large size-large wp-image-269\" alt=\"\" srcset=\"http:\/\/bibliotecadigitalupn.upnvirtual.edu.mx\/wp-content\/uploads\/2024\/12\/8_eric.png 827w, http:\/\/bibliotecadigitalupn.upnvirtual.edu.mx\/wp-content\/uploads\/2024\/12\/8_eric-300x120.png 300w, http:\/\/bibliotecadigitalupn.upnvirtual.edu.mx\/wp-content\/uploads\/2024\/12\/8_eric-768x307.png 768w\" sizes=\"(max-width: 827px) 100vw, 827px\" \/>\t\t\t\t\t\t\t\t<\/a>\n\t\t\t\t\t\t\t\t\t\t\t\t\t\t\t<\/div>\n\t\t\t\t<\/div>\n\t\t\t\t\t<\/div>\n\t\t\t\t<\/div>\n\t\t<div class=\"elementor-element elementor-element-f73fb85 e-flex e-con-boxed e-con e-parent\" data-id=\"f73fb85\" data-element_type=\"container\">\n\t\t\t\t\t<div class=\"e-con-inner\">\n\t\t\t\t<div class=\"elementor-element elementor-element-a8df8ce elementor-widget elementor-widget-heading\" data-id=\"a8df8ce\" data-element_type=\"widget\" data-widget_type=\"heading.default\">\n\t\t\t\t<div class=\"elementor-widget-container\">\n\t\t\t\t\t<h2 class=\"elementor-heading-title elementor-size-default\">Consorcios o redes de acceso a informaci\u00f3n cient\u00edfica<\/h2>\t\t\t\t<\/div>\n\t\t\t\t<\/div>\n\t\t\t\t\t<\/div>\n\t\t\t\t<\/div>\n\t\t<div class=\"elementor-element elementor-element-9e14be7 e-flex e-con-boxed e-con e-parent\" data-id=\"9e14be7\" data-element_type=\"container\">\n\t\t\t\t\t<div class=\"e-con-inner\">\n\t\t\t\t<div class=\"elementor-element elementor-element-7f3f4ee elementor-widget__width-initial elementor-widget elementor-widget-text-editor\" data-id=\"7f3f4ee\" data-element_type=\"widget\" data-widget_type=\"text-editor.default\">\n\t\t\t\t<div class=\"elementor-widget-container\">\n\t\t\t\t\t\t\t\t\t<p style=\"text-align: left;\"><span style=\"font-family: montserrat; color: #000000;\">Sistemas de informaci\u00f3n en acceso abierto a publicaciones acad\u00e9micas y cient\u00edficas<\/span><\/p>\t\t\t\t\t\t\t\t<\/div>\n\t\t\t\t<\/div>\n\t\t\t\t\t<\/div>\n\t\t\t\t<\/div>\n\t\t<div class=\"elementor-element elementor-element-1562578 e-grid e-con-boxed e-con e-parent\" data-id=\"1562578\" data-element_type=\"container\">\n\t\t\t\t\t<div class=\"e-con-inner\">\n\t\t\t\t<div class=\"elementor-element elementor-element-8c86874 elementor-widget elementor-widget-image\" data-id=\"8c86874\" data-element_type=\"widget\" data-widget_type=\"image.default\">\n\t\t\t\t<div class=\"elementor-widget-container\">\n\t\t\t\t\t\t\t\t\t\t\t\t\t\t\t\t<a href=\"https:\/\/zenodo.org\/\" target=\"_blank\">\n\t\t\t\t\t\t\t<img loading=\"lazy\" decoding=\"async\" width=\"827\" height=\"331\" src=\"http:\/\/bibliotecadigitalupn.upnvirtual.edu.mx\/wp-content\/uploads\/2024\/12\/3_conricyt.png\" class=\"elementor-animation-shrink attachment-large size-large wp-image-264\" alt=\"\" srcset=\"http:\/\/bibliotecadigitalupn.upnvirtual.edu.mx\/wp-content\/uploads\/2024\/12\/3_conricyt.png 827w, http:\/\/bibliotecadigitalupn.upnvirtual.edu.mx\/wp-content\/uploads\/2024\/12\/3_conricyt-300x120.png 300w, http:\/\/bibliotecadigitalupn.upnvirtual.edu.mx\/wp-content\/uploads\/2024\/12\/3_conricyt-768x307.png 768w\" sizes=\"(max-width: 827px) 100vw, 827px\" \/>\t\t\t\t\t\t\t\t<\/a>\n\t\t\t\t\t\t\t\t\t\t\t\t\t\t\t<\/div>\n\t\t\t\t<\/div>\n\t\t\t\t<div class=\"elementor-element elementor-element-4a4fb49 elementor-widget elementor-widget-image\" data-id=\"4a4fb49\" data-element_type=\"widget\" data-widget_type=\"image.default\">\n\t\t\t\t<div class=\"elementor-widget-container\">\n\t\t\t\t\t\t\t\t\t\t\t\t\t\t\t\t<a href=\"https:\/\/zenodo.org\/\" target=\"_blank\">\n\t\t\t\t\t\t\t<img loading=\"lazy\" decoding=\"async\" width=\"827\" height=\"331\" src=\"http:\/\/bibliotecadigitalupn.upnvirtual.edu.mx\/wp-content\/uploads\/2024\/12\/7_clacso.png\" class=\"elementor-animation-shrink attachment-large size-large wp-image-268\" alt=\"\" srcset=\"http:\/\/bibliotecadigitalupn.upnvirtual.edu.mx\/wp-content\/uploads\/2024\/12\/7_clacso.png 827w, http:\/\/bibliotecadigitalupn.upnvirtual.edu.mx\/wp-content\/uploads\/2024\/12\/7_clacso-300x120.png 300w, http:\/\/bibliotecadigitalupn.upnvirtual.edu.mx\/wp-content\/uploads\/2024\/12\/7_clacso-768x307.png 768w\" sizes=\"(max-width: 827px) 100vw, 827px\" \/>\t\t\t\t\t\t\t\t<\/a>\n\t\t\t\t\t\t\t\t\t\t\t\t\t\t\t<\/div>\n\t\t\t\t<\/div>\n\t\t\t\t<div class=\"elementor-element elementor-element-12f799c elementor-widget elementor-widget-image\" data-id=\"12f799c\" data-element_type=\"widget\" data-widget_type=\"image.default\">\n\t\t\t\t<div class=\"elementor-widget-container\">\n\t\t\t\t\t\t\t\t\t\t\t\t\t\t\t\t<a href=\"https:\/\/zenodo.org\/\" target=\"_blank\">\n\t\t\t\t\t\t\t<img loading=\"lazy\" decoding=\"async\" width=\"827\" height=\"331\" src=\"http:\/\/bibliotecadigitalupn.upnvirtual.edu.mx\/wp-content\/uploads\/2026\/03\/4.png\" class=\"elementor-animation-shrink attachment-large size-large wp-image-1050\" alt=\"\" srcset=\"http:\/\/bibliotecadigitalupn.upnvirtual.edu.mx\/wp-content\/uploads\/2026\/03\/4.png 827w, http:\/\/bibliotecadigitalupn.upnvirtual.edu.mx\/wp-content\/uploads\/2026\/03\/4-300x120.png 300w, http:\/\/bibliotecadigitalupn.upnvirtual.edu.mx\/wp-content\/uploads\/2026\/03\/4-768x307.png 768w\" sizes=\"(max-width: 827px) 100vw, 827px\" \/>\t\t\t\t\t\t\t\t<\/a>\n\t\t\t\t\t\t\t\t\t\t\t\t\t\t\t<\/div>\n\t\t\t\t<\/div>\n\t\t\t\t\t<\/div>\n\t\t\t\t<\/div>\n\t\t\t\t<\/div>\n\t\t","protected":false},"excerpt":{"rendered":"<p>Repositorios de acceso abierto Institucionales Plataformas donde las instituciones guardan y difunden su producci\u00f3n Bases de datos y plataformas digitales de revistas cient\u00edficas Plataformas que concentran la producci\u00f3n de art\u00edculos de revistas acad\u00e9micas Consorcios o redes de acceso a informaci\u00f3n cient\u00edfica Sistemas de informaci\u00f3n en acceso abierto a publicaciones acad\u00e9micas y cient\u00edficas<\/p>\n","protected":false},"author":1,"featured_media":0,"parent":0,"menu_order":0,"comment_status":"closed","ping_status":"closed","template":"","meta":{"neve_meta_sidebar":"","neve_meta_container":"","neve_meta_enable_content_width":"","neve_meta_content_width":0,"neve_meta_title_alignment":"","neve_meta_author_avatar":"","neve_post_elements_order":"","neve_meta_disable_header":"","neve_meta_disable_footer":"","neve_meta_disable_title":"","footnotes":""},"class_list":["post-260","page","type-page","status-publish","hentry"],"_links":{"self":[{"href":"http:\/\/bibliotecadigitalupn.upnvirtual.edu.mx\/index.php\/wp-json\/wp\/v2\/pages\/260","targetHints":{"allow":["GET"]}}],"collection":[{"href":"http:\/\/bibliotecadigitalupn.upnvirtual.edu.mx\/index.php\/wp-json\/wp\/v2\/pages"}],"about":[{"href":"http:\/\/bibliotecadigitalupn.upnvirtual.edu.mx\/index.php\/wp-json\/wp\/v2\/types\/page"}],"author":[{"embeddable":true,"href":"http:\/\/bibliotecadigitalupn.upnvirtual.edu.mx\/index.php\/wp-json\/wp\/v2\/users\/1"}],"replies":[{"embeddable":true,"href":"http:\/\/bibliotecadigitalupn.upnvirtual.edu.mx\/index.php\/wp-json\/wp\/v2\/comments?post=260"}],"version-history":[{"count":37,"href":"http:\/\/bibliotecadigitalupn.upnvirtual.edu.mx\/index.php\/wp-json\/wp\/v2\/pages\/260\/revisions"}],"predecessor-version":[{"id":1076,"href":"http:\/\/bibliotecadigitalupn.upnvirtual.edu.mx\/index.php\/wp-json\/wp\/v2\/pages\/260\/revisions\/1076"}],"wp:attachment":[{"href":"http:\/\/bibliotecadigitalupn.upnvirtual.edu.mx\/index.php\/wp-json\/wp\/v2\/media?parent=260"}],"curies":[{"name":"wp","href":"https:\/\/api.w.org\/{rel}","templated":true}]}}