{"id":575,"date":"2024-12-03T16:39:37","date_gmt":"2024-12-03T22:39:37","guid":{"rendered":"http:\/\/104.192.5.70\/wordpress\/?page_id=575"},"modified":"2026-03-24T12:48:11","modified_gmt":"2026-03-24T18:48:11","slug":"edicion-de-audios-y-videos","status":"publish","type":"page","link":"http:\/\/bibliotecadigitalupn.upnvirtual.edu.mx\/index.php\/edicion-de-audios-y-videos\/","title":{"rendered":"Edici\u00f3n de audios y videos"},"content":{"rendered":"\t\t<div data-elementor-type=\"wp-page\" data-elementor-id=\"575\" class=\"elementor elementor-575\">\n\t\t\t\t<div class=\"elementor-element elementor-element-167461ee e-flex e-con-boxed e-con e-parent\" data-id=\"167461ee\" data-element_type=\"container\">\n\t\t\t\t\t<div class=\"e-con-inner\">\n\t\t\t\t<div class=\"elementor-element elementor-element-f1057ab elementor-widget elementor-widget-text-editor\" data-id=\"f1057ab\" data-element_type=\"widget\" data-widget_type=\"text-editor.default\">\n\t\t\t\t<div class=\"elementor-widget-container\">\n\t\t\t\t\t\t\t\t\t<p><strong><a href=\"\/#recursos-multimedia\"><span style=\"font-family: montserrat; font-size: 16pt; color: #003f87;\"><span style=\"font-size: 24pt;\">Edici\u00f3n de audios, videos e im\u00e1genes<\/span><\/span><\/a><\/strong><\/p>\t\t\t\t\t\t\t\t<\/div>\n\t\t\t\t<\/div>\n\t\t\t\t\t<\/div>\n\t\t\t\t<\/div>\n\t\t<div class=\"elementor-element elementor-element-2c4952c e-flex e-con-boxed e-con e-parent\" data-id=\"2c4952c\" data-element_type=\"container\">\n\t\t\t\t\t<div class=\"e-con-inner\">\n\t\t\t\t<div class=\"elementor-element elementor-element-af5360a elementor-widget elementor-widget-heading\" data-id=\"af5360a\" data-element_type=\"widget\" data-widget_type=\"heading.default\">\n\t\t\t\t<div class=\"elementor-widget-container\">\n\t\t\t\t\t<h2 class=\"elementor-heading-title elementor-size-default\"><strong><a href=\"\/#recursos-multimedia\"><span style=\"font-size: 16pt\"><span style=\"font-size: 24pt\">Audios<\/span><\/span><\/a><\/strong><\/h2>\t\t\t\t<\/div>\n\t\t\t\t<\/div>\n\t\t\t\t\t<\/div>\n\t\t\t\t<\/div>\n\t\t<div class=\"elementor-element elementor-element-1cd4a30 e-grid e-con-boxed e-con e-parent\" data-id=\"1cd4a30\" data-element_type=\"container\">\n\t\t\t\t\t<div class=\"e-con-inner\">\n\t\t\t\t<div class=\"elementor-element elementor-element-7688e45 elementor-widget elementor-widget-image\" data-id=\"7688e45\" data-element_type=\"widget\" data-widget_type=\"image.default\">\n\t\t\t\t<div class=\"elementor-widget-container\">\n\t\t\t\t\t\t\t\t\t\t\t\t\t\t\t\t<a href=\"https:\/\/myedit.online\/es\/audio-editor?utm_source=blog_esp&#038;utm_medium=referral&#038;utm_campaign=1552-editar-audio-online-gratis\" target=\"_blank\">\n\t\t\t\t\t\t\t<img fetchpriority=\"high\" decoding=\"async\" width=\"827\" height=\"331\" src=\"http:\/\/bibliotecadigitalupn.upnvirtual.edu.mx\/wp-content\/uploads\/2024\/12\/4_myedit.png\" class=\"elementor-animation-shrink attachment-large size-large wp-image-580\" alt=\"\" srcset=\"http:\/\/bibliotecadigitalupn.upnvirtual.edu.mx\/wp-content\/uploads\/2024\/12\/4_myedit.png 827w, http:\/\/bibliotecadigitalupn.upnvirtual.edu.mx\/wp-content\/uploads\/2024\/12\/4_myedit-300x120.png 300w, http:\/\/bibliotecadigitalupn.upnvirtual.edu.mx\/wp-content\/uploads\/2024\/12\/4_myedit-768x307.png 768w\" sizes=\"(max-width: 827px) 100vw, 827px\" \/>\t\t\t\t\t\t\t\t<\/a>\n\t\t\t\t\t\t\t\t\t\t\t\t\t\t\t<\/div>\n\t\t\t\t<\/div>\n\t\t\t\t<div class=\"elementor-element elementor-element-73910b0 elementor-widget elementor-widget-image\" data-id=\"73910b0\" data-element_type=\"widget\" data-widget_type=\"image.default\">\n\t\t\t\t<div class=\"elementor-widget-container\">\n\t\t\t\t\t\t\t\t\t\t\t\t\t\t\t\t<a href=\"https:\/\/www.bearaudiotool.com\/sp\/\" target=\"_blank\">\n\t\t\t\t\t\t\t<img decoding=\"async\" width=\"827\" height=\"331\" src=\"http:\/\/bibliotecadigitalupn.upnvirtual.edu.mx\/wp-content\/uploads\/2024\/12\/6_bear.png\" class=\"elementor-animation-shrink attachment-large size-large wp-image-582\" alt=\"\" srcset=\"http:\/\/bibliotecadigitalupn.upnvirtual.edu.mx\/wp-content\/uploads\/2024\/12\/6_bear.png 827w, http:\/\/bibliotecadigitalupn.upnvirtual.edu.mx\/wp-content\/uploads\/2024\/12\/6_bear-300x120.png 300w, http:\/\/bibliotecadigitalupn.upnvirtual.edu.mx\/wp-content\/uploads\/2024\/12\/6_bear-768x307.png 768w\" sizes=\"(max-width: 827px) 100vw, 827px\" \/>\t\t\t\t\t\t\t\t<\/a>\n\t\t\t\t\t\t\t\t\t\t\t\t\t\t\t<\/div>\n\t\t\t\t<\/div>\n\t\t\t\t<div class=\"elementor-element elementor-element-5d37370 elementor-widget elementor-widget-image\" data-id=\"5d37370\" data-element_type=\"widget\" data-widget_type=\"image.default\">\n\t\t\t\t<div class=\"elementor-widget-container\">\n\t\t\t\t\t\t\t\t\t\t\t\t\t\t\t\t<a href=\"https:\/\/123apps.com\/es\/#google_vignette\" target=\"_blank\">\n\t\t\t\t\t\t\t<img decoding=\"async\" width=\"827\" height=\"331\" src=\"http:\/\/bibliotecadigitalupn.upnvirtual.edu.mx\/wp-content\/uploads\/2024\/12\/7_123ap.png\" class=\"elementor-animation-shrink attachment-large size-large wp-image-583\" alt=\"\" srcset=\"http:\/\/bibliotecadigitalupn.upnvirtual.edu.mx\/wp-content\/uploads\/2024\/12\/7_123ap.png 827w, http:\/\/bibliotecadigitalupn.upnvirtual.edu.mx\/wp-content\/uploads\/2024\/12\/7_123ap-300x120.png 300w, http:\/\/bibliotecadigitalupn.upnvirtual.edu.mx\/wp-content\/uploads\/2024\/12\/7_123ap-768x307.png 768w\" sizes=\"(max-width: 827px) 100vw, 827px\" \/>\t\t\t\t\t\t\t\t<\/a>\n\t\t\t\t\t\t\t\t\t\t\t\t\t\t\t<\/div>\n\t\t\t\t<\/div>\n\t\t\t\t\t<\/div>\n\t\t\t\t<\/div>\n\t\t<div class=\"elementor-element elementor-element-99c7720 e-flex e-con-boxed e-con e-parent\" data-id=\"99c7720\" data-element_type=\"container\">\n\t\t\t\t\t<div class=\"e-con-inner\">\n\t\t\t\t<div class=\"elementor-element elementor-element-1f51a74 elementor-widget elementor-widget-heading\" data-id=\"1f51a74\" data-element_type=\"widget\" data-widget_type=\"heading.default\">\n\t\t\t\t<div class=\"elementor-widget-container\">\n\t\t\t\t\t<h2 class=\"elementor-heading-title elementor-size-default\"><strong><a href=\"\/#recursos-multimedia\"><span style=\"font-size: 16pt\"><span style=\"font-size: 24pt\">Videos<\/span><\/span><\/a><\/strong><\/h2>\t\t\t\t<\/div>\n\t\t\t\t<\/div>\n\t\t\t\t\t<\/div>\n\t\t\t\t<\/div>\n\t\t<div class=\"elementor-element elementor-element-77c52b8 e-grid e-con-boxed e-con e-parent\" data-id=\"77c52b8\" data-element_type=\"container\">\n\t\t\t\t\t<div class=\"e-con-inner\">\n\t\t\t\t<div class=\"elementor-element elementor-element-4c9f5b80 elementor-widget elementor-widget-image\" data-id=\"4c9f5b80\" data-element_type=\"widget\" data-widget_type=\"image.default\">\n\t\t\t\t<div class=\"elementor-widget-container\">\n\t\t\t\t\t\t\t\t\t\t\t\t\t\t\t\t<a href=\"https:\/\/www.blackmagicdesign.com\/ar\/products\/davinciresolve\" target=\"_blank\">\n\t\t\t\t\t\t\t<img loading=\"lazy\" decoding=\"async\" width=\"827\" height=\"331\" src=\"http:\/\/bibliotecadigitalupn.upnvirtual.edu.mx\/wp-content\/uploads\/2024\/12\/3_davinci.png\" class=\"elementor-animation-shrink attachment-large size-large wp-image-579\" alt=\"\" srcset=\"http:\/\/bibliotecadigitalupn.upnvirtual.edu.mx\/wp-content\/uploads\/2024\/12\/3_davinci.png 827w, http:\/\/bibliotecadigitalupn.upnvirtual.edu.mx\/wp-content\/uploads\/2024\/12\/3_davinci-300x120.png 300w, http:\/\/bibliotecadigitalupn.upnvirtual.edu.mx\/wp-content\/uploads\/2024\/12\/3_davinci-768x307.png 768w\" sizes=\"(max-width: 827px) 100vw, 827px\" \/>\t\t\t\t\t\t\t\t<\/a>\n\t\t\t\t\t\t\t\t\t\t\t\t\t\t\t<\/div>\n\t\t\t\t<\/div>\n\t\t\t\t<div class=\"elementor-element elementor-element-b6ae491 elementor-widget elementor-widget-image\" data-id=\"b6ae491\" data-element_type=\"widget\" data-widget_type=\"image.default\">\n\t\t\t\t<div class=\"elementor-widget-container\">\n\t\t\t\t\t\t\t\t\t\t\t\t\t\t\t\t<a href=\"https:\/\/clipchamp.com\/es\/video-editor\/\" target=\"_blank\">\n\t\t\t\t\t\t\t<img loading=\"lazy\" decoding=\"async\" width=\"827\" height=\"331\" src=\"http:\/\/bibliotecadigitalupn.upnvirtual.edu.mx\/wp-content\/uploads\/2024\/12\/5_clip.png\" class=\"elementor-animation-shrink attachment-large size-large wp-image-581\" alt=\"\" srcset=\"http:\/\/bibliotecadigitalupn.upnvirtual.edu.mx\/wp-content\/uploads\/2024\/12\/5_clip.png 827w, http:\/\/bibliotecadigitalupn.upnvirtual.edu.mx\/wp-content\/uploads\/2024\/12\/5_clip-300x120.png 300w, http:\/\/bibliotecadigitalupn.upnvirtual.edu.mx\/wp-content\/uploads\/2024\/12\/5_clip-768x307.png 768w\" sizes=\"(max-width: 827px) 100vw, 827px\" \/>\t\t\t\t\t\t\t\t<\/a>\n\t\t\t\t\t\t\t\t\t\t\t\t\t\t\t<\/div>\n\t\t\t\t<\/div>\n\t\t\t\t<div class=\"elementor-element elementor-element-3a0ada8e elementor-widget elementor-widget-image\" data-id=\"3a0ada8e\" data-element_type=\"widget\" data-widget_type=\"image.default\">\n\t\t\t\t<div class=\"elementor-widget-container\">\n\t\t\t\t\t\t\t\t\t\t\t\t\t\t\t\t<a href=\"https:\/\/www.openshot.org\/es\/\" target=\"_blank\">\n\t\t\t\t\t\t\t<img loading=\"lazy\" decoding=\"async\" width=\"827\" height=\"331\" src=\"http:\/\/bibliotecadigitalupn.upnvirtual.edu.mx\/wp-content\/uploads\/2024\/12\/1_openshot.png\" class=\"elementor-animation-shrink attachment-large size-large wp-image-577\" alt=\"\" srcset=\"http:\/\/bibliotecadigitalupn.upnvirtual.edu.mx\/wp-content\/uploads\/2024\/12\/1_openshot.png 827w, http:\/\/bibliotecadigitalupn.upnvirtual.edu.mx\/wp-content\/uploads\/2024\/12\/1_openshot-300x120.png 300w, http:\/\/bibliotecadigitalupn.upnvirtual.edu.mx\/wp-content\/uploads\/2024\/12\/1_openshot-768x307.png 768w\" sizes=\"(max-width: 827px) 100vw, 827px\" \/>\t\t\t\t\t\t\t\t<\/a>\n\t\t\t\t\t\t\t\t\t\t\t\t\t\t\t<\/div>\n\t\t\t\t<\/div>\n\t\t\t\t<div class=\"elementor-element elementor-element-e2ded62 elementor-widget elementor-widget-image\" data-id=\"e2ded62\" data-element_type=\"widget\" data-widget_type=\"image.default\">\n\t\t\t\t<div class=\"elementor-widget-container\">\n\t\t\t\t\t\t\t\t\t\t\t\t\t\t\t\t<a href=\"https:\/\/www.videosoftdev.com\/es\" target=\"_blank\">\n\t\t\t\t\t\t\t<img loading=\"lazy\" decoding=\"async\" width=\"827\" height=\"331\" src=\"http:\/\/bibliotecadigitalupn.upnvirtual.edu.mx\/wp-content\/uploads\/2024\/12\/2_vsd.png\" class=\"elementor-animation-shrink attachment-large size-large wp-image-578\" alt=\"\" srcset=\"http:\/\/bibliotecadigitalupn.upnvirtual.edu.mx\/wp-content\/uploads\/2024\/12\/2_vsd.png 827w, http:\/\/bibliotecadigitalupn.upnvirtual.edu.mx\/wp-content\/uploads\/2024\/12\/2_vsd-300x120.png 300w, http:\/\/bibliotecadigitalupn.upnvirtual.edu.mx\/wp-content\/uploads\/2024\/12\/2_vsd-768x307.png 768w\" sizes=\"(max-width: 827px) 100vw, 827px\" \/>\t\t\t\t\t\t\t\t<\/a>\n\t\t\t\t\t\t\t\t\t\t\t\t\t\t\t<\/div>\n\t\t\t\t<\/div>\n\t\t\t\t\t<\/div>\n\t\t\t\t<\/div>\n\t\t<div class=\"elementor-element elementor-element-fe5f778 e-flex e-con-boxed e-con e-parent\" data-id=\"fe5f778\" data-element_type=\"container\">\n\t\t\t\t\t<div class=\"e-con-inner\">\n\t\t\t\t<div class=\"elementor-element elementor-element-db0c7e3 elementor-widget elementor-widget-heading\" data-id=\"db0c7e3\" data-element_type=\"widget\" data-widget_type=\"heading.default\">\n\t\t\t\t<div class=\"elementor-widget-container\">\n\t\t\t\t\t<h2 class=\"elementor-heading-title elementor-size-default\"><strong><a href=\"\/#recursos-multimedia\"><span style=\"font-size: 16pt\"><span style=\"font-size: 24pt\">Im\u00e1genes<\/span><\/span><\/a><\/strong><\/h2>\t\t\t\t<\/div>\n\t\t\t\t<\/div>\n\t\t\t\t\t<\/div>\n\t\t\t\t<\/div>\n\t\t<div class=\"elementor-element elementor-element-28e951a e-grid e-con-boxed e-con e-parent\" data-id=\"28e951a\" data-element_type=\"container\">\n\t\t\t\t\t<div class=\"e-con-inner\">\n\t\t\t\t<div class=\"elementor-element elementor-element-4590b65 elementor-widget elementor-widget-image\" data-id=\"4590b65\" data-element_type=\"widget\" data-widget_type=\"image.default\">\n\t\t\t\t<div class=\"elementor-widget-container\">\n\t\t\t\t\t\t\t\t\t\t\t\t\t\t\t\t<a href=\"https:\/\/nanobanana.ai\/es\" target=\"_blank\">\n\t\t\t\t\t\t\t<img loading=\"lazy\" decoding=\"async\" width=\"827\" height=\"331\" src=\"http:\/\/bibliotecadigitalupn.upnvirtual.edu.mx\/wp-content\/uploads\/2026\/03\/34.png\" class=\"elementor-animation-shrink attachment-large size-large wp-image-1117\" alt=\"\" srcset=\"http:\/\/bibliotecadigitalupn.upnvirtual.edu.mx\/wp-content\/uploads\/2026\/03\/34.png 827w, http:\/\/bibliotecadigitalupn.upnvirtual.edu.mx\/wp-content\/uploads\/2026\/03\/34-300x120.png 300w, http:\/\/bibliotecadigitalupn.upnvirtual.edu.mx\/wp-content\/uploads\/2026\/03\/34-768x307.png 768w\" sizes=\"(max-width: 827px) 100vw, 827px\" \/>\t\t\t\t\t\t\t\t<\/a>\n\t\t\t\t\t\t\t\t\t\t\t\t\t\t\t<\/div>\n\t\t\t\t<\/div>\n\t\t\t\t<div class=\"elementor-element elementor-element-4d2b119 elementor-widget elementor-widget-image\" data-id=\"4d2b119\" data-element_type=\"widget\" data-widget_type=\"image.default\">\n\t\t\t\t<div class=\"elementor-widget-container\">\n\t\t\t\t\t\t\t\t\t\t\t\t\t\t\t\t<a href=\"https:\/\/www.craiyon.com\/en\" target=\"_blank\">\n\t\t\t\t\t\t\t<img loading=\"lazy\" decoding=\"async\" width=\"827\" height=\"331\" src=\"http:\/\/bibliotecadigitalupn.upnvirtual.edu.mx\/wp-content\/uploads\/2026\/03\/43.png\" class=\"elementor-animation-shrink attachment-large size-large wp-image-1119\" alt=\"\" srcset=\"http:\/\/bibliotecadigitalupn.upnvirtual.edu.mx\/wp-content\/uploads\/2026\/03\/43.png 827w, http:\/\/bibliotecadigitalupn.upnvirtual.edu.mx\/wp-content\/uploads\/2026\/03\/43-300x120.png 300w, http:\/\/bibliotecadigitalupn.upnvirtual.edu.mx\/wp-content\/uploads\/2026\/03\/43-768x307.png 768w\" sizes=\"(max-width: 827px) 100vw, 827px\" \/>\t\t\t\t\t\t\t\t<\/a>\n\t\t\t\t\t\t\t\t\t\t\t\t\t\t\t<\/div>\n\t\t\t\t<\/div>\n\t\t\t\t<div class=\"elementor-element elementor-element-4d4913d elementor-widget elementor-widget-image\" data-id=\"4d4913d\" data-element_type=\"widget\" data-widget_type=\"image.default\">\n\t\t\t\t<div class=\"elementor-widget-container\">\n\t\t\t\t\t\t\t\t\t\t\t\t\t\t\t\t<a href=\"https:\/\/www.blackmagicdesign.com\/ar\/products\/davinciresolve\" target=\"_blank\">\n\t\t\t\t\t\t\t<img loading=\"lazy\" decoding=\"async\" width=\"827\" height=\"331\" src=\"http:\/\/bibliotecadigitalupn.upnvirtual.edu.mx\/wp-content\/uploads\/2026\/03\/44.png\" class=\"elementor-animation-shrink attachment-large size-large wp-image-1120\" alt=\"\" srcset=\"http:\/\/bibliotecadigitalupn.upnvirtual.edu.mx\/wp-content\/uploads\/2026\/03\/44.png 827w, http:\/\/bibliotecadigitalupn.upnvirtual.edu.mx\/wp-content\/uploads\/2026\/03\/44-300x120.png 300w, http:\/\/bibliotecadigitalupn.upnvirtual.edu.mx\/wp-content\/uploads\/2026\/03\/44-768x307.png 768w\" sizes=\"(max-width: 827px) 100vw, 827px\" \/>\t\t\t\t\t\t\t\t<\/a>\n\t\t\t\t\t\t\t\t\t\t\t\t\t\t\t<\/div>\n\t\t\t\t<\/div>\n\t\t\t\t<div class=\"elementor-element elementor-element-776a222 elementor-widget elementor-widget-image\" data-id=\"776a222\" data-element_type=\"widget\" data-widget_type=\"image.default\">\n\t\t\t\t<div class=\"elementor-widget-container\">\n\t\t\t\t\t\t\t\t\t\t\t\t\t\t\t\t<a href=\"https:\/\/www.pexels.com\/search\/ai%20logo\/%20%20\" target=\"_blank\">\n\t\t\t\t\t\t\t<img loading=\"lazy\" decoding=\"async\" width=\"827\" height=\"331\" src=\"http:\/\/bibliotecadigitalupn.upnvirtual.edu.mx\/wp-content\/uploads\/2026\/03\/pexls.png\" class=\"elementor-animation-shrink attachment-large size-large wp-image-1121\" alt=\"\" srcset=\"http:\/\/bibliotecadigitalupn.upnvirtual.edu.mx\/wp-content\/uploads\/2026\/03\/pexls.png 827w, http:\/\/bibliotecadigitalupn.upnvirtual.edu.mx\/wp-content\/uploads\/2026\/03\/pexls-300x120.png 300w, http:\/\/bibliotecadigitalupn.upnvirtual.edu.mx\/wp-content\/uploads\/2026\/03\/pexls-768x307.png 768w\" sizes=\"(max-width: 827px) 100vw, 827px\" \/>\t\t\t\t\t\t\t\t<\/a>\n\t\t\t\t\t\t\t\t\t\t\t\t\t\t\t<\/div>\n\t\t\t\t<\/div>\n\t\t\t\t\t<\/div>\n\t\t\t\t<\/div>\n\t\t\t\t<\/div>\n\t\t","protected":false},"excerpt":{"rendered":"<p>Edici\u00f3n de audios, videos e im\u00e1genes Audios Videos Im\u00e1genes<\/p>\n","protected":false},"author":1,"featured_media":0,"parent":0,"menu_order":0,"comment_status":"closed","ping_status":"closed","template":"","meta":{"neve_meta_sidebar":"","neve_meta_container":"","neve_meta_enable_content_width":"","neve_meta_content_width":0,"neve_meta_title_alignment":"","neve_meta_author_avatar":"","neve_post_elements_order":"","neve_meta_disable_header":"","neve_meta_disable_footer":"","neve_meta_disable_title":"","footnotes":""},"class_list":["post-575","page","type-page","status-publish","hentry"],"_links":{"self":[{"href":"http:\/\/bibliotecadigitalupn.upnvirtual.edu.mx\/index.php\/wp-json\/wp\/v2\/pages\/575","targetHints":{"allow":["GET"]}}],"collection":[{"href":"http:\/\/bibliotecadigitalupn.upnvirtual.edu.mx\/index.php\/wp-json\/wp\/v2\/pages"}],"about":[{"href":"http:\/\/bibliotecadigitalupn.upnvirtual.edu.mx\/index.php\/wp-json\/wp\/v2\/types\/page"}],"author":[{"embeddable":true,"href":"http:\/\/bibliotecadigitalupn.upnvirtual.edu.mx\/index.php\/wp-json\/wp\/v2\/users\/1"}],"replies":[{"embeddable":true,"href":"http:\/\/bibliotecadigitalupn.upnvirtual.edu.mx\/index.php\/wp-json\/wp\/v2\/comments?post=575"}],"version-history":[{"count":16,"href":"http:\/\/bibliotecadigitalupn.upnvirtual.edu.mx\/index.php\/wp-json\/wp\/v2\/pages\/575\/revisions"}],"predecessor-version":[{"id":1228,"href":"http:\/\/bibliotecadigitalupn.upnvirtual.edu.mx\/index.php\/wp-json\/wp\/v2\/pages\/575\/revisions\/1228"}],"wp:attachment":[{"href":"http:\/\/bibliotecadigitalupn.upnvirtual.edu.mx\/index.php\/wp-json\/wp\/v2\/media?parent=575"}],"curies":[{"name":"wp","href":"https:\/\/api.w.org\/{rel}","templated":true}]}}