{"id":95,"date":"2024-11-30T02:17:17","date_gmt":"2024-11-30T08:17:17","guid":{"rendered":"http:\/\/104.192.5.70\/wordpress\/?page_id=95"},"modified":"2025-05-16T10:59:59","modified_gmt":"2025-05-16T16:59:59","slug":"acerca-de","status":"publish","type":"page","link":"http:\/\/bibliotecadigitalupn.upnvirtual.edu.mx\/index.php\/acerca-de\/","title":{"rendered":"Acerca de"},"content":{"rendered":"\t\t<div data-elementor-type=\"wp-page\" data-elementor-id=\"95\" class=\"elementor elementor-95\">\n\t\t\t\t<div class=\"elementor-element elementor-element-4ae98d0 e-flex e-con-boxed e-con e-parent\" data-id=\"4ae98d0\" data-element_type=\"container\">\n\t\t\t\t\t<div class=\"e-con-inner\">\n\t\t\t\t<div class=\"elementor-element elementor-element-4289ae7 elementor-widget elementor-widget-heading\" data-id=\"4289ae7\" data-element_type=\"widget\" data-widget_type=\"heading.default\">\n\t\t\t\t<div class=\"elementor-widget-container\">\n\t\t\t\t\t<h2 class=\"elementor-heading-title elementor-size-default\"><a href=\"http:\/\/bibliotecadigitalupn.upnvirtual.edu.mx\">Acerca de<\/a><\/h2>\t\t\t\t<\/div>\n\t\t\t\t<\/div>\n\t\t\t\t\t<\/div>\n\t\t\t\t<\/div>\n\t\t<div class=\"elementor-element elementor-element-f376dee e-flex e-con-boxed e-con e-parent\" data-id=\"f376dee\" data-element_type=\"container\">\n\t\t\t\t\t<div class=\"e-con-inner\">\n\t\t\t\t<div class=\"elementor-element elementor-element-6fafe98 elementor-widget elementor-widget-text-editor\" data-id=\"6fafe98\" data-element_type=\"widget\" data-widget_type=\"text-editor.default\">\n\t\t\t\t<div class=\"elementor-widget-container\">\n\t\t\t\t\t\t\t\t\t<p style=\"text-align: left;\"><span style=\"font-family: montserrat; color: #303338; font-size: 14pt;\">La Biblioteca Digital es un proyecto auspiciado por las unidades de los estados de Baja California Sur, Ciudad de M\u00e9xico, Guerrero, Michoac\u00e1n, Tlaxcala, Quintana Roo y Zacatecas.<\/span><\/p><p style=\"text-align: left;\"><span style=\"font-family: montserrat; color: #303338; font-size: 14pt;\">Con su integraci\u00f3n, se busca que la comunidad estudiantil y acad\u00e9mico cuenten con material especializado y actualizado en las \u00e1rea.<\/span><\/p>\t\t\t\t\t\t\t\t<\/div>\n\t\t\t\t<\/div>\n\t\t\t\t\t<\/div>\n\t\t\t\t<\/div>\n\t\t\t\t<\/div>\n\t\t","protected":false},"excerpt":{"rendered":"<p>Acerca de La Biblioteca Digital es un proyecto auspiciado por las unidades de los estados de Baja California Sur, Ciudad de M\u00e9xico, Guerrero, Michoac\u00e1n, Tlaxcala, Quintana Roo y Zacatecas. Con su integraci\u00f3n, se busca que la comunidad estudiantil y acad\u00e9mico cuenten con material especializado y actualizado en las \u00e1rea.<\/p>\n","protected":false},"author":1,"featured_media":0,"parent":0,"menu_order":0,"comment_status":"closed","ping_status":"closed","template":"","meta":{"neve_meta_sidebar":"","neve_meta_container":"","neve_meta_enable_content_width":"","neve_meta_content_width":0,"neve_meta_title_alignment":"","neve_meta_author_avatar":"","neve_post_elements_order":"","neve_meta_disable_header":"","neve_meta_disable_footer":"","neve_meta_disable_title":"","footnotes":""},"class_list":["post-95","page","type-page","status-publish","hentry"],"_links":{"self":[{"href":"http:\/\/bibliotecadigitalupn.upnvirtual.edu.mx\/index.php\/wp-json\/wp\/v2\/pages\/95","targetHints":{"allow":["GET"]}}],"collection":[{"href":"http:\/\/bibliotecadigitalupn.upnvirtual.edu.mx\/index.php\/wp-json\/wp\/v2\/pages"}],"about":[{"href":"http:\/\/bibliotecadigitalupn.upnvirtual.edu.mx\/index.php\/wp-json\/wp\/v2\/types\/page"}],"author":[{"embeddable":true,"href":"http:\/\/bibliotecadigitalupn.upnvirtual.edu.mx\/index.php\/wp-json\/wp\/v2\/users\/1"}],"replies":[{"embeddable":true,"href":"http:\/\/bibliotecadigitalupn.upnvirtual.edu.mx\/index.php\/wp-json\/wp\/v2\/comments?post=95"}],"version-history":[{"count":16,"href":"http:\/\/bibliotecadigitalupn.upnvirtual.edu.mx\/index.php\/wp-json\/wp\/v2\/pages\/95\/revisions"}],"predecessor-version":[{"id":861,"href":"http:\/\/bibliotecadigitalupn.upnvirtual.edu.mx\/index.php\/wp-json\/wp\/v2\/pages\/95\/revisions\/861"}],"wp:attachment":[{"href":"http:\/\/bibliotecadigitalupn.upnvirtual.edu.mx\/index.php\/wp-json\/wp\/v2\/media?parent=95"}],"curies":[{"name":"wp","href":"https:\/\/api.w.org\/{rel}","templated":true}]}}