{"id":99,"date":"2024-11-30T02:17:47","date_gmt":"2024-11-30T08:17:47","guid":{"rendered":"http:\/\/104.192.5.70\/wordpress\/?page_id=99"},"modified":"2026-02-23T11:59:44","modified_gmt":"2026-02-23T17:59:44","slug":"creditos","status":"publish","type":"page","link":"http:\/\/bibliotecadigitalupn.upnvirtual.edu.mx\/index.php\/creditos\/","title":{"rendered":"Cr\u00e9ditos"},"content":{"rendered":"\t\t<div data-elementor-type=\"wp-page\" data-elementor-id=\"99\" class=\"elementor elementor-99\">\n\t\t\t\t<div class=\"elementor-element elementor-element-a3b7e6a e-flex e-con-boxed e-con e-parent\" data-id=\"a3b7e6a\" data-element_type=\"container\">\n\t\t\t\t\t<div class=\"e-con-inner\">\n\t\t\t\t<div class=\"elementor-element elementor-element-b18f7b6 elementor-widget elementor-widget-text-editor\" data-id=\"b18f7b6\" data-element_type=\"widget\" data-widget_type=\"text-editor.default\">\n\t\t\t\t<div class=\"elementor-widget-container\">\n\t\t\t\t\t\t\t\t\t<h3 style=\"text-align: left;\"><a href=\"http:\/\/bibliotecadigitalupn.upnvirtual.edu.mx\/\"><span style=\"font-family: montserrat; color: #002060; font-size: 16pt;\">Cr\u00e9ditos<\/span><\/a><\/h3>\t\t\t\t\t\t\t\t<\/div>\n\t\t\t\t<\/div>\n\t\t\t\t\t<\/div>\n\t\t\t\t<\/div>\n\t\t<div class=\"elementor-element elementor-element-70a484c e-flex e-con-boxed e-con e-parent\" data-id=\"70a484c\" data-element_type=\"container\">\n\t\t\t\t\t<div class=\"e-con-inner\">\n\t\t<div class=\"elementor-element elementor-element-ae0db2d e-con-full e-flex e-con e-child\" data-id=\"ae0db2d\" data-element_type=\"container\">\n\t\t\t\t<div class=\"elementor-element elementor-element-a42e225 elementor-widget elementor-widget-text-editor\" data-id=\"a42e225\" data-element_type=\"widget\" data-widget_type=\"text-editor.default\">\n\t\t\t\t<div class=\"elementor-widget-container\">\n\t\t\t\t\t\t\t\t\t<p><strong><span style=\"color: #000000; font-family: montserrat;\">RECTOR\u00cdA<\/span><\/strong><\/p><p><span style=\"color: #303338; font-family: montserrat;\">Rosa Mar\u00eda Torres Hern\u00e1ndez<\/span><\/p><p><strong><span style=\"color: #303338; font-family: montserrat;\">SECRETAR\u00cdA ACAD\u00c9MICA<\/span><\/strong><\/p><p><span style=\"color: #303338; font-family: montserrat;\">Diana Patricia Rodr\u00edguez<\/span><\/p><p><strong><span style=\"color: #303338; font-family: montserrat;\">SECRETAR\u00cdA ADMINISTRATIVA<\/span><\/strong><\/p><p><span style=\"color: #303338; font-family: montserrat;\">Fidel Rodr\u00edguez Maldonado<\/span><\/p><p><strong><span style=\"color: #303338; font-family: montserrat;\">DIRECCI\u00d3N DE BIBLIOTECA Y APOYO ACAD\u00c9MICO<\/span><\/strong><\/p><p><span style=\"color: #303338; font-family: montserrat;\">Pilar Moreno Jim\u00e9nez<\/span><\/p><p><strong><span style=\"color: #303338; font-family: montserrat;\">DIRECCI\u00d3N DE DIFUSI\u00d3N Y EXTENSI\u00d3N UNIVERSITARIA<\/span><\/strong><\/p><p><span style=\"color: #303338; font-family: montserrat;\">Marlene de Guadalupe Camarena Acosta<\/span><\/p><p><strong><span style=\"color: #303338; font-family: montserrat;\">DIRECCI\u00d3N DE PLANEACI\u00d3N<\/span><\/strong><\/p><p><span style=\"color: #303338; font-family: montserrat;\">Benjam\u00edn D\u00edaz Salazar<\/span><\/p>\t\t\t\t\t\t\t\t<\/div>\n\t\t\t\t<\/div>\n\t\t\t\t<\/div>\n\t\t<div class=\"elementor-element elementor-element-2f0f0be e-con-full e-flex e-con e-child\" data-id=\"2f0f0be\" data-element_type=\"container\">\n\t\t\t\t<div class=\"elementor-element elementor-element-a0224d3 elementor-widget elementor-widget-text-editor\" data-id=\"a0224d3\" data-element_type=\"widget\" data-widget_type=\"text-editor.default\">\n\t\t\t\t<div class=\"elementor-widget-container\">\n\t\t\t\t\t\t\t\t\t<p><strong><span style=\"font-family: montserrat;\">DIRECCI\u00d3N DE UNIDADES UPN<\/span><\/strong><\/p><p><span style=\"font-family: montserrat;\">Martha Elena Guerrero Rodr\u00edguez<\/span><\/p><p><strong><span style=\"font-family: montserrat;\">DIRECCI\u00d3N DE SERVICIOS JUR\u00cdDICOS<\/span><\/strong><\/p><p><span style=\"font-family: montserrat;\">Vanessa Portal Flores<\/span><\/p><p><strong><span style=\"font-family: montserrat;\">DIRECCI\u00d3N DE COMUNICACI\u00d3N SOCIAL<\/span><\/strong><\/p><p><span style=\"font-family: montserrat;\">Silvia Adriana Tapia Covarrubias<\/span><\/p><p><strong><span style=\"font-family: montserrat;\">COORDINACI\u00d3N DE POSGRADO<\/span><\/strong><\/p><p><span style=\"font-family: montserrat;\">Miguel \u00c1ngel V\u00e9rtiz Galv\u00e1n<\/span><\/p><p><strong><span style=\"font-family: montserrat;\">COORDINACI\u00d3N DEL CENTRO DE ENSE\u00d1ANZA Y APRENDIZAJE DE LENGUAS<\/span><\/strong><\/p><p><span style=\"font-family: montserrat;\">Gabriela Ruiz de la Rosa<\/span><\/p><p><strong><span style=\"font-family: montserrat;\">UNIDAD DE IGUALDAD DE G\u00c9NERO E INCLUSI\u00d3N<\/span><\/strong><\/p><p><span style=\"font-family: montserrat;\">Patricia Adriana Amador Islas<\/span><\/p>\t\t\t\t\t\t\t\t<\/div>\n\t\t\t\t<\/div>\n\t\t\t\t<\/div>\n\t\t<div class=\"elementor-element elementor-element-aa37ca5 e-con-full e-flex e-con e-child\" data-id=\"aa37ca5\" data-element_type=\"container\">\n\t\t\t\t<div class=\"elementor-element elementor-element-4613131 elementor-widget elementor-widget-text-editor\" data-id=\"4613131\" data-element_type=\"widget\" data-widget_type=\"text-editor.default\">\n\t\t\t\t<div class=\"elementor-widget-container\">\n\t\t\t\t\t\t\t\t\t<p><strong><span style=\"font-family: montserrat;\">L\u00cdDER DE PROYECTO<\/span><\/strong><\/p><p><span style=\"font-family: montserrat;\">Yuriko Berm\u00fadez Gonz\u00e1lez<\/span><\/p><p><strong><span style=\"font-family: montserrat;\">COLABORADORES<\/span><\/strong><\/p><p><span style=\"font-family: montserrat;\">Rosenda Ruiz Figueroa<\/span><\/p><p><span style=\"font-family: montserrat;\">Mar\u00eda de los \u00c1ngeles Medina Huerta<\/span><\/p><p><span style=\"font-family: montserrat;\">Eduardo Mart\u00ednez Garc\u00eda<\/span><\/p><p><span style=\"font-family: montserrat;\">Jes\u00fas Ra\u00fal Arredondo Galv\u00e1n<\/span><\/p><p><span style=\"font-family: montserrat;\">Rosario Gloria Jim\u00e9nez D\u00e1vila<\/span><\/p><p><span style=\"font-family: montserrat;\">Martha Lorena Izquierdo Dorantes<\/span><\/p><p><span style=\"font-family: montserrat;\">V\u00edctor \u00c1ngel God\u00ednez Gonz\u00e1lez<\/span><\/p><p><span style=\"font-family: montserrat;\">V\u00edctor Ruiz corona<\/span><\/p><p><span style=\"font-family: montserrat;\">Dalia Itzel Exiga Jer\u00f3nimo<\/span><\/p><p><span style=\"font-family: montserrat;\">Bertha Leonor Sotres Mutio<\/span><\/p><p><span style=\"font-family: montserrat;\">Antonio Mendoza L\u00f3pez<\/span><\/p>\t\t\t\t\t\t\t\t<\/div>\n\t\t\t\t<\/div>\n\t\t\t\t<\/div>\n\t\t\t\t\t<\/div>\n\t\t\t\t<\/div>\n\t\t<div class=\"elementor-element elementor-element-8bb3da3 e-flex e-con-boxed e-con e-parent\" data-id=\"8bb3da3\" data-element_type=\"container\">\n\t\t\t\t\t<div class=\"e-con-inner\">\n\t\t\t\t<div class=\"elementor-element elementor-element-02c33e0 elementor-widget elementor-widget-text-editor\" data-id=\"02c33e0\" data-element_type=\"widget\" data-widget_type=\"text-editor.default\">\n\t\t\t\t<div class=\"elementor-widget-container\">\n\t\t\t\t\t\t\t\t\t<p style=\"text-align: left;\"><span style=\"font-family: montserrat; font-size: 12pt; color: #303338;\">Hecho en M\u00e9xico, Copyright \u00a9 2024 Infoestr\u00e1tegica S.A. de C.V. |\u00a0 Universidad Pedag\u00f3gica Nacional.<\/span><\/p><p style=\"text-align: left;\"><span style=\"font-family: montserrat; font-size: 12pt; color: #303338;\">Esta p\u00e1gina puede ser reproducida con fines no lucrativos, siempre y cuando no se mutile, se cite las fuentes completas y sus direcciones electr\u00f3nicas. De otra forma requiere permiso previo por escrito de la instituci\u00f3n.<\/span><\/p>\t\t\t\t\t\t\t\t<\/div>\n\t\t\t\t<\/div>\n\t\t\t\t\t<\/div>\n\t\t\t\t<\/div>\n\t\t\t\t<\/div>\n\t\t","protected":false},"excerpt":{"rendered":"<p>Cr\u00e9ditos RECTOR\u00cdA Rosa Mar\u00eda Torres Hern\u00e1ndez SECRETAR\u00cdA ACAD\u00c9MICA Diana Patricia Rodr\u00edguez SECRETAR\u00cdA ADMINISTRATIVA Fidel Rodr\u00edguez Maldonado DIRECCI\u00d3N DE BIBLIOTECA Y APOYO ACAD\u00c9MICO Pilar Moreno Jim\u00e9nez DIRECCI\u00d3N DE DIFUSI\u00d3N Y EXTENSI\u00d3N UNIVERSITARIA Marlene de Guadalupe Camarena Acosta DIRECCI\u00d3N DE PLANEACI\u00d3N Benjam\u00edn D\u00edaz Salazar DIRECCI\u00d3N DE UNIDADES UPN Martha Elena Guerrero Rodr\u00edguez DIRECCI\u00d3N DE SERVICIOS JUR\u00cdDICOS Vanessa&hellip;&nbsp;<a href=\"http:\/\/bibliotecadigitalupn.upnvirtual.edu.mx\/index.php\/creditos\/\" rel=\"bookmark\"><span class=\"screen-reader-text\">Cr\u00e9ditos<\/span><\/a><\/p>\n","protected":false},"author":1,"featured_media":0,"parent":0,"menu_order":0,"comment_status":"closed","ping_status":"closed","template":"","meta":{"neve_meta_sidebar":"","neve_meta_container":"","neve_meta_enable_content_width":"","neve_meta_content_width":0,"neve_meta_title_alignment":"","neve_meta_author_avatar":"","neve_post_elements_order":"","neve_meta_disable_header":"","neve_meta_disable_footer":"","neve_meta_disable_title":"","footnotes":""},"class_list":["post-99","page","type-page","status-publish","hentry"],"_links":{"self":[{"href":"http:\/\/bibliotecadigitalupn.upnvirtual.edu.mx\/index.php\/wp-json\/wp\/v2\/pages\/99","targetHints":{"allow":["GET"]}}],"collection":[{"href":"http:\/\/bibliotecadigitalupn.upnvirtual.edu.mx\/index.php\/wp-json\/wp\/v2\/pages"}],"about":[{"href":"http:\/\/bibliotecadigitalupn.upnvirtual.edu.mx\/index.php\/wp-json\/wp\/v2\/types\/page"}],"author":[{"embeddable":true,"href":"http:\/\/bibliotecadigitalupn.upnvirtual.edu.mx\/index.php\/wp-json\/wp\/v2\/users\/1"}],"replies":[{"embeddable":true,"href":"http:\/\/bibliotecadigitalupn.upnvirtual.edu.mx\/index.php\/wp-json\/wp\/v2\/comments?post=99"}],"version-history":[{"count":25,"href":"http:\/\/bibliotecadigitalupn.upnvirtual.edu.mx\/index.php\/wp-json\/wp\/v2\/pages\/99\/revisions"}],"predecessor-version":[{"id":994,"href":"http:\/\/bibliotecadigitalupn.upnvirtual.edu.mx\/index.php\/wp-json\/wp\/v2\/pages\/99\/revisions\/994"}],"wp:attachment":[{"href":"http:\/\/bibliotecadigitalupn.upnvirtual.edu.mx\/index.php\/wp-json\/wp\/v2\/media?parent=99"}],"curies":[{"name":"wp","href":"https:\/\/api.w.org\/{rel}","templated":true}]}}